{"id":36,"date":"2017-11-28T23:14:51","date_gmt":"2017-11-28T23:14:51","guid":{"rendered":"http:\/\/www.lascompostivistas.com\/?page_id=36"},"modified":"2019-11-11T15:01:57","modified_gmt":"2019-11-11T15:01:57","slug":"home","status":"publish","type":"page","link":"https:\/\/beameira.com\/lascompostivistas\/","title":{"rendered":"Home"},"content":{"rendered":"<div style=\"width: 640px;\" class=\"wp-video\"><!--[if lt IE 9]><script>document.createElement('video');<\/script><![endif]-->\n<video class=\"wp-video-shortcode\" id=\"video-36-1\" width=\"640\" height=\"360\" preload=\"metadata\" controls=\"controls\"><source type=\"video\/mp4\" src=\"https:\/\/beameira.com\/lascompostivistas\/wp-content\/uploads\/2017\/11\/Las-Compostivistas-Vinheta.mp4?_=1\" \/><a href=\"https:\/\/beameira.com\/lascompostivistas\/wp-content\/uploads\/2017\/11\/Las-Compostivistas-Vinheta.mp4\">https:\/\/beameira.com\/lascompostivistas\/wp-content\/uploads\/2017\/11\/Las-Compostivistas-Vinheta.mp4<\/a><\/video><\/div>\n<h2>Din\u00e2mica de cria\u00e7\u00e3o de um comum<\/h2>\n<p>Como estar junto num bom encontro com artistas e professores, e isso transformar-se em pr\u00e1ticas de cont\u00e1gio com os alunos em sala de aula? Todo nosso esfor\u00e7o de trabalho e pesquisa vai nessa dire\u00e7\u00e3o de que a sala de aula seja uma sementeira de curiosidade, conhecimento, partilhas e cria\u00e7\u00e3o de modos de vida. E partimos \u00a0da constata\u00e7\u00e3o de que para se estar vivo \u00e9 preciso ter um corpo. \u00c9 esse corpo que carreia a vida em n\u00f3s. <strong>\u00a0<\/strong>E um corpo se faz ao longo de muitos encontros em que na aprendizagem de afetar e ser afetado. Marcado continuamente no tempo e no espa\u00e7o, atravessado por humanos, mas tamb\u00e9m por paisagens, animais, objetos, sons, cheiros, tecnologias, aquilo que chamamos de n\u00e3o humanos. Portanto, um corpo \u00e9 passagem de muitos que nos desenham. Um corpo \u00e9 a hist\u00f3ria de tudo isso. Um corpo \u00e9 passagem do tempo e de um tempo. Nele se inscrevem resist\u00eancias e exist\u00eancias. Nosso grupo, Las Compostivistas, pesquisa modos de expandir a rela\u00e7\u00e3o entre artistas, professores e alunos. Trabalhamos na dire\u00e7\u00e3o de uma pedagogia menor em que o corpo e no corpo uma escritura se fa\u00e7a entre n\u00f3s e produza a aproxima\u00e7\u00e3o cada vez maior entre gestos e palavras, conhecimento e partilhas, na reinven\u00e7\u00e3o de mundos e outros modos de exist\u00eancia. Qui\u00e7\u00e1 mais dignos, intensos e solid\u00e1rios. Para tanto focamos nossa experi\u00eancia em m\u00faltiplas combina\u00e7\u00f5es entre o sentir, o fazer e o pensar, temperado pela curiosidade. E como fazemos isso? <a class=\"fasc-button fasc-size-medium fasc-type-flat\" style=\"background-color: #b8338b;color: #ffffff\" href=\"http:\/\/www.lascompostivistas.com\/las-compostivistas\/\">saiba mais!<\/a><\/p>\n","protected":false},"excerpt":{"rendered":"<p>Din\u00e2mica de cria\u00e7\u00e3o de um comum Como estar junto num bom encontro com artistas e&hellip;<\/p>\n","protected":false},"author":1,"featured_media":0,"parent":0,"menu_order":0,"comment_status":"closed","ping_status":"closed","template":"template-with-header.php","meta":[],"_links":{"self":[{"href":"https:\/\/beameira.com\/lascompostivistas\/wp-json\/wp\/v2\/pages\/36"}],"collection":[{"href":"https:\/\/beameira.com\/lascompostivistas\/wp-json\/wp\/v2\/pages"}],"about":[{"href":"https:\/\/beameira.com\/lascompostivistas\/wp-json\/wp\/v2\/types\/page"}],"author":[{"embeddable":true,"href":"https:\/\/beameira.com\/lascompostivistas\/wp-json\/wp\/v2\/users\/1"}],"replies":[{"embeddable":true,"href":"https:\/\/beameira.com\/lascompostivistas\/wp-json\/wp\/v2\/comments?post=36"}],"version-history":[{"count":2,"href":"https:\/\/beameira.com\/lascompostivistas\/wp-json\/wp\/v2\/pages\/36\/revisions"}],"predecessor-version":[{"id":117,"href":"https:\/\/beameira.com\/lascompostivistas\/wp-json\/wp\/v2\/pages\/36\/revisions\/117"}],"wp:attachment":[{"href":"https:\/\/beameira.com\/lascompostivistas\/wp-json\/wp\/v2\/media?parent=36"}],"curies":[{"name":"wp","href":"https:\/\/api.w.org\/{rel}","templated":true}]}}